{"id":282,"date":"2018-07-31T15:50:53","date_gmt":"2018-07-31T15:50:53","guid":{"rendered":"http:\/\/www.tecnicromo.pt\/?page_id=282"},"modified":"2024-06-19T10:47:13","modified_gmt":"2024-06-19T10:47:13","slug":"politica-de-privacidade","status":"publish","type":"page","link":"https:\/\/tecnicromo.pt\/pt\/politica-de-privacidade\/","title":{"rendered":"Pol\u00edtica de Privacidade"},"content":{"rendered":"<p>[et_pb_section fb_built=&#8221;1&#8243; fullwidth=&#8221;on&#8221; custom_padding_last_edited=&#8221;off|phone&#8221; admin_label=&#8221;Hero Section&#8221; module_class=&#8221;topos&#8221; _builder_version=&#8221;4.25.2&#8243; parallax=&#8221;on&#8221; custom_padding=&#8221;|||&#8221; hover_enabled=&#8221;0&#8243; global_colors_info=&#8221;{}&#8221; background_enable_image=&#8221;off&#8221; background_color=&#8221;#222c5f&#8221; sticky_enabled=&#8221;0&#8243;][et_pb_fullwidth_header subhead=&#8221;Primamos pela efici\u00eancia, qualidade e rigor dos nossos servi\u00e7os e produtos&#8221; text_orientation=&#8221;center&#8221; header_scroll_down=&#8221;on&#8221; scroll_down_icon_color=&#8221;#ffffff&#8221; scroll_down_icon_size=&#8221;25px&#8221; _builder_version=&#8221;4.25.2&#8243; subhead_text_color=&#8221;rgba(255,255,255,0.9)&#8221; subhead_font_size=&#8221;36px&#8221; subhead_letter_spacing=&#8221;0.5px&#8221; subhead_line_height=&#8221;1.4em&#8221; background_color=&#8221;#222c5f&#8221; button_one_icon=&#8221;&#x24;||divi||400&#8243; button_two_icon=&#8221;&#x24;||divi||400&#8243; custom_padding=&#8221;||7vw|&#8221; hover_enabled=&#8221;0&#8243; content_font_size_last_edited=&#8221;off|desktop&#8221; subhead_font_size_tablet=&#8221;24px&#8221; subhead_font_size_phone=&#8221;21px&#8221; subhead_font_size_last_edited=&#8221;on|phone&#8221; subhead_line_height_tablet=&#8221;&#8221; subhead_line_height_phone=&#8221;&#8221; subhead_line_height_last_edited=&#8221;on|phone&#8221; custom_css_main_element=&#8221;padding-top: 12vw !important;&#8221; custom_css_subtitle=&#8221;max-width: 850px;||margin: 0 auto;&#8221; button_two_text_color_hover=&#8221;#e85510&#8243; button_two_border_color_hover=&#8221;#ffffff&#8221; button_two_bg_color_hover=&#8221;#ffffff&#8221; global_colors_info=&#8221;{}&#8221; button_one_text_size__hover_enabled=&#8221;off&#8221; button_two_text_size__hover_enabled=&#8221;off&#8221; button_one_text_color__hover_enabled=&#8221;off&#8221; button_two_text_color__hover_enabled=&#8221;on&#8221; button_two_text_color__hover=&#8221;#e85510&#8243; button_one_border_width__hover_enabled=&#8221;off&#8221; button_two_border_width__hover_enabled=&#8221;off&#8221; button_one_border_color__hover_enabled=&#8221;off&#8221; button_two_border_color__hover_enabled=&#8221;on&#8221; button_two_border_color__hover=&#8221;#ffffff&#8221; button_one_border_radius__hover_enabled=&#8221;off&#8221; button_two_border_radius__hover_enabled=&#8221;off&#8221; button_one_letter_spacing__hover_enabled=&#8221;off&#8221; button_two_letter_spacing__hover_enabled=&#8221;off&#8221; button_one_bg_color__hover_enabled=&#8221;off&#8221; button_two_bg_color__hover_enabled=&#8221;on&#8221; button_two_bg_color__hover=&#8221;#ffffff&#8221; sticky_enabled=&#8221;0&#8243;][\/et_pb_fullwidth_header][\/et_pb_section][et_pb_section fb_built=&#8221;1&#8243; _builder_version=&#8221;4.16&#8243; global_colors_info=&#8221;{}&#8221;][et_pb_row _builder_version=&#8221;4.16&#8243; background_size=&#8221;initial&#8221; background_position=&#8221;top_left&#8221; background_repeat=&#8221;repeat&#8221; global_colors_info=&#8221;{}&#8221;][et_pb_column type=&#8221;4_4&#8243; _builder_version=&#8221;4.16&#8243; custom_padding=&#8221;|||&#8221; global_colors_info=&#8221;{}&#8221; custom_padding__hover=&#8221;|||&#8221;][et_pb_text _builder_version=&#8221;4.16&#8243; global_colors_info=&#8221;{}&#8221;]<\/p>\n<h1>Pol\u00edtica de Privacidade<\/h1>\n<p>[\/et_pb_text][\/et_pb_column][\/et_pb_row][et_pb_row _builder_version=&#8221;4.16&#8243; background_size=&#8221;initial&#8221; background_position=&#8221;top_left&#8221; background_repeat=&#8221;repeat&#8221; global_colors_info=&#8221;{}&#8221;][et_pb_column type=&#8221;4_4&#8243; _builder_version=&#8221;4.16&#8243; custom_padding=&#8221;|||&#8221; global_colors_info=&#8221;{}&#8221; custom_padding__hover=&#8221;|||&#8221;][et_pb_text _builder_version=&#8221;4.19.1&#8243; global_colors_info=&#8221;{}&#8221;]<\/p>\n<p>A presente pol\u00edtica de privacidade abrange este website, assim como outros sites que mencionem a mesma pol\u00edtica.<\/p>\n<p>A Tecnicromo, Artes Graficas Lda respeita a privacidade do utilizador e processa os seus dados pessoais de acordo com as leis em vigor. Os dados n\u00e3o ser\u00e3o processados para quaisquer outros fins que n\u00e3o os aqui especificados. Tecnicromo, Artes Graficas Lda reserva-se no direito de atualizar ou modificar a sua Pol\u00edtica de Privacidade a qualquer momento, nomeadamente, de forma a adapt\u00e1-la a altera\u00e7\u00f5es legislativas. Os dados recolhidos nos formul\u00e1rios do website destinam-se exclusivamente ao processamento dos pedidos dos utilizadores, e n\u00e3o ser\u00e3o usados para qualquer outro processamento.<\/p>\n<p>A Tecnicromo, Artes Graficas Lda n\u00e3o utilizar\u00e1 os seus dados pessoais para lhe enviar qualquer correio n\u00e3o solicitado cujo conte\u00fado n\u00e3o tenha recebido o seu consentimento expl\u00edcito. A Tecnicromo, Artes Graficas Lda n\u00e3o vende nem negocia os seus dados com terceiros. A Tecnicromo, Artes Graficas Lda n\u00e3o divulga a terceiros quaisquer dados pessoais dos seus clientes e utilizadores, sem o seu consentimento, exceto quando tal for exigido por lei.<\/p>\n<p>A Tecnicromo, Artes Graficas Lda guarda os dados dos seus clientes e utilizadores nos seus servidores. Estes servidores s\u00e3o protegidos e mantidos de acordo com os mais elevados standards de seguran\u00e7a e por forma a respeitar as leis de privacidade aplic\u00e1veis.<\/p>\n<p>Caso deseje ser removido da nossa base de dados, poder\u00e1 exercer esse direito, contactando-nos atrav\u00e9s dos diversos meios dispon\u00edveis no site.<\/p>\n<p>O website da Tecnicromo, Artes Graficas Lda utiliza cookies em determinadas \u00e1reas.<\/p>\n<p>Os cookies s\u00e3o ficheiros que armazenam informa\u00e7\u00f5es no disco r\u00edgido ou browser do utilizador, permitindo que os websites o reconhe\u00e7am e saibam que j\u00e1 os visitou anteriormente.<\/p>\n<p>O utilizador pode configurar o seu browser para recusar os cookies, por\u00e9m nesse caso, o website ou partes do mesmo podem n\u00e3o funcionar corretamente.<\/p>\n<p>Os cookies s\u00e3o utilizados para monitorizar e analisar a utiliza\u00e7\u00e3o do website, permitindo \u00e0 Tecnicromo, Artes Graficas Lda proporcionar a melhor experi\u00eancia de utiliza\u00e7\u00e3o.<\/p>\n<p>Os n\u00fameros de telefone e telem\u00f3vel divulgados nos meios de comunica\u00e7\u00e3o ( site, aplica\u00e7\u00f5es e rede sociais) da Tecnicromo, Artes Gr\u00e1ficas Lda, tem o valor de uma chamada para a \u00a0rede fixa nacional ou rede m\u00f3vel nacional respetivamente. \u00a0<\/p>\n<p>[\/et_pb_text][\/et_pb_column][\/et_pb_row][\/et_pb_section]<\/p>\n","protected":false},"excerpt":{"rendered":"<p>Pol\u00edtica de Privacidade A presente pol\u00edtica de privacidade abrange este website, assim como outros sites que mencionem a mesma pol\u00edtica. A Tecnicromo, Artes Graficas Lda respeita a privacidade do utilizador e processa os seus dados pessoais de acordo com as leis em vigor. Os dados n\u00e3o ser\u00e3o processados para quaisquer outros fins que n\u00e3o os [&hellip;]<\/p>\n","protected":false},"author":1,"featured_media":0,"parent":0,"menu_order":0,"comment_status":"closed","ping_status":"closed","template":"","meta":{"_et_pb_use_builder":"on","_et_pb_old_content":"","_et_gb_content_width":"","inline_featured_image":false,"footnotes":""},"class_list":["post-282","page","type-page","status-publish","hentry"],"yoast_head":"<!-- This site is optimized with the Yoast SEO plugin v27.5 - https:\/\/yoast.com\/product\/yoast-seo-wordpress\/ -->\n<title>Pol\u00edtica de Privacidade - Tecnicromo<\/title>\n<meta name=\"robots\" content=\"index, follow, max-snippet:-1, max-image-preview:large, max-video-preview:-1\" \/>\n<link rel=\"canonical\" href=\"https:\/\/tecnicromo.pt\/pt\/politica-de-privacidade\/\" \/>\n<meta property=\"og:locale\" content=\"pt_PT\" \/>\n<meta property=\"og:type\" content=\"article\" \/>\n<meta property=\"og:title\" content=\"Pol\u00edtica de Privacidade - Tecnicromo\" \/>\n<meta property=\"og:description\" content=\"Pol\u00edtica de Privacidade A presente pol\u00edtica de privacidade abrange este website, assim como outros sites que mencionem a mesma pol\u00edtica. A Tecnicromo, Artes Graficas Lda respeita a privacidade do utilizador e processa os seus dados pessoais de acordo com as leis em vigor. Os dados n\u00e3o ser\u00e3o processados para quaisquer outros fins que n\u00e3o os [&hellip;]\" \/>\n<meta property=\"og:url\" content=\"https:\/\/tecnicromo.pt\/pt\/politica-de-privacidade\/\" \/>\n<meta property=\"og:site_name\" content=\"Tecnicromo\" \/>\n<meta property=\"article:modified_time\" content=\"2024-06-19T10:47:13+00:00\" \/>\n<meta name=\"twitter:card\" content=\"summary_large_image\" \/>\n<meta name=\"twitter:label1\" content=\"Tempo estimado de leitura\" \/>\n\t<meta name=\"twitter:data1\" content=\"3 minutos\" \/>\n<script type=\"application\/ld+json\" class=\"yoast-schema-graph\">{\"@context\":\"https:\\\/\\\/schema.org\",\"@graph\":[{\"@type\":\"WebPage\",\"@id\":\"https:\\\/\\\/tecnicromo.pt\\\/politica-de-privacidade\\\/\",\"url\":\"https:\\\/\\\/tecnicromo.pt\\\/politica-de-privacidade\\\/\",\"name\":\"Pol\u00edtica de Privacidade - Tecnicromo\",\"isPartOf\":{\"@id\":\"https:\\\/\\\/tecnicromo.pt\\\/pt\\\/#website\"},\"datePublished\":\"2018-07-31T15:50:53+00:00\",\"dateModified\":\"2024-06-19T10:47:13+00:00\",\"breadcrumb\":{\"@id\":\"https:\\\/\\\/tecnicromo.pt\\\/politica-de-privacidade\\\/#breadcrumb\"},\"inLanguage\":\"pt-PT\",\"potentialAction\":[{\"@type\":\"ReadAction\",\"target\":[\"https:\\\/\\\/tecnicromo.pt\\\/politica-de-privacidade\\\/\"]}]},{\"@type\":\"BreadcrumbList\",\"@id\":\"https:\\\/\\\/tecnicromo.pt\\\/politica-de-privacidade\\\/#breadcrumb\",\"itemListElement\":[{\"@type\":\"ListItem\",\"position\":1,\"name\":\"Home\",\"item\":\"https:\\\/\\\/tecnicromo.pt\\\/\"},{\"@type\":\"ListItem\",\"position\":2,\"name\":\"Pol\u00edtica de Privacidade\"}]},{\"@type\":\"WebSite\",\"@id\":\"https:\\\/\\\/tecnicromo.pt\\\/pt\\\/#website\",\"url\":\"https:\\\/\\\/tecnicromo.pt\\\/pt\\\/\",\"name\":\"Tecnicromo\",\"description\":\"Artes Gr\u00e1ficas\",\"potentialAction\":[{\"@type\":\"SearchAction\",\"target\":{\"@type\":\"EntryPoint\",\"urlTemplate\":\"https:\\\/\\\/tecnicromo.pt\\\/pt\\\/?s={search_term_string}\"},\"query-input\":{\"@type\":\"PropertyValueSpecification\",\"valueRequired\":true,\"valueName\":\"search_term_string\"}}],\"inLanguage\":\"pt-PT\"}]}<\/script>\n<!-- \/ Yoast SEO plugin. -->","yoast_head_json":{"title":"Pol\u00edtica de Privacidade - Tecnicromo","robots":{"index":"index","follow":"follow","max-snippet":"max-snippet:-1","max-image-preview":"max-image-preview:large","max-video-preview":"max-video-preview:-1"},"canonical":"https:\/\/tecnicromo.pt\/pt\/politica-de-privacidade\/","og_locale":"pt_PT","og_type":"article","og_title":"Pol\u00edtica de Privacidade - Tecnicromo","og_description":"Pol\u00edtica de Privacidade A presente pol\u00edtica de privacidade abrange este website, assim como outros sites que mencionem a mesma pol\u00edtica. A Tecnicromo, Artes Graficas Lda respeita a privacidade do utilizador e processa os seus dados pessoais de acordo com as leis em vigor. Os dados n\u00e3o ser\u00e3o processados para quaisquer outros fins que n\u00e3o os [&hellip;]","og_url":"https:\/\/tecnicromo.pt\/pt\/politica-de-privacidade\/","og_site_name":"Tecnicromo","article_modified_time":"2024-06-19T10:47:13+00:00","twitter_card":"summary_large_image","twitter_misc":{"Tempo estimado de leitura":"3 minutos"},"schema":{"@context":"https:\/\/schema.org","@graph":[{"@type":"WebPage","@id":"https:\/\/tecnicromo.pt\/politica-de-privacidade\/","url":"https:\/\/tecnicromo.pt\/politica-de-privacidade\/","name":"Pol\u00edtica de Privacidade - Tecnicromo","isPartOf":{"@id":"https:\/\/tecnicromo.pt\/pt\/#website"},"datePublished":"2018-07-31T15:50:53+00:00","dateModified":"2024-06-19T10:47:13+00:00","breadcrumb":{"@id":"https:\/\/tecnicromo.pt\/politica-de-privacidade\/#breadcrumb"},"inLanguage":"pt-PT","potentialAction":[{"@type":"ReadAction","target":["https:\/\/tecnicromo.pt\/politica-de-privacidade\/"]}]},{"@type":"BreadcrumbList","@id":"https:\/\/tecnicromo.pt\/politica-de-privacidade\/#breadcrumb","itemListElement":[{"@type":"ListItem","position":1,"name":"Home","item":"https:\/\/tecnicromo.pt\/"},{"@type":"ListItem","position":2,"name":"Pol\u00edtica de Privacidade"}]},{"@type":"WebSite","@id":"https:\/\/tecnicromo.pt\/pt\/#website","url":"https:\/\/tecnicromo.pt\/pt\/","name":"Tecnicromo","description":"Artes Gr\u00e1ficas","potentialAction":[{"@type":"SearchAction","target":{"@type":"EntryPoint","urlTemplate":"https:\/\/tecnicromo.pt\/pt\/?s={search_term_string}"},"query-input":{"@type":"PropertyValueSpecification","valueRequired":true,"valueName":"search_term_string"}}],"inLanguage":"pt-PT"}]}},"_links":{"self":[{"href":"https:\/\/tecnicromo.pt\/pt\/wp-json\/wp\/v2\/pages\/282","targetHints":{"allow":["GET"]}}],"collection":[{"href":"https:\/\/tecnicromo.pt\/pt\/wp-json\/wp\/v2\/pages"}],"about":[{"href":"https:\/\/tecnicromo.pt\/pt\/wp-json\/wp\/v2\/types\/page"}],"author":[{"embeddable":true,"href":"https:\/\/tecnicromo.pt\/pt\/wp-json\/wp\/v2\/users\/1"}],"replies":[{"embeddable":true,"href":"https:\/\/tecnicromo.pt\/pt\/wp-json\/wp\/v2\/comments?post=282"}],"version-history":[{"count":7,"href":"https:\/\/tecnicromo.pt\/pt\/wp-json\/wp\/v2\/pages\/282\/revisions"}],"predecessor-version":[{"id":723,"href":"https:\/\/tecnicromo.pt\/pt\/wp-json\/wp\/v2\/pages\/282\/revisions\/723"}],"wp:attachment":[{"href":"https:\/\/tecnicromo.pt\/pt\/wp-json\/wp\/v2\/media?parent=282"}],"curies":[{"name":"wp","href":"https:\/\/api.w.org\/{rel}","templated":true}]}}